{"id":1126,"date":"2025-02-10T20:04:16","date_gmt":"2025-02-10T20:04:16","guid":{"rendered":"https:\/\/new.nautilusbajaproperties.com\/guias-turisticos\/"},"modified":"2025-02-10T22:00:06","modified_gmt":"2025-02-10T22:00:06","slug":"guias-turisticos","status":"publish","type":"page","link":"https:\/\/www.nautilusbajaproperties.com\/es\/guias-turisticos\/","title":{"rendered":"Gu\u00edas tur\u00edsticos"},"content":{"rendered":"<h1>Gu\u00edas Tur\u00edsticos: Explora <span class=\"uk-text-tertiary\">Baja California Sur<\/span> como nunca antes<\/h1>\n<div>Ad\u00e9ntrate en la belleza de Baja California Sur con nuestros tours dise\u00f1ados por expertos, guiados por profesionales certificados que garantizan una experiencia segura, informativa e inolvidable. Ya sea que busques lujo, aventura o la serenidad de la naturaleza, tenemos las mejores opciones para ti:<\/div>\n<div>\n<ol>\n<li><strong>Isla Esp\u00edritu Santo:<\/strong> Navega con estilo en yates de lujo de 50 a m\u00e1s de 100 pies, o elige tours grupales en embarcaciones certificadas para descubrir este sitio Patrimonio Mundial de la UNESCO.<\/li>\n<li><strong>Nado con Tibur\u00f3n Ballena:<\/strong> Vive la magia de nadar junto a los gigantes gentiles del mar durante su temporada en la Bah\u00eda de La Paz, acompa\u00f1ado por gu\u00edas certificados.<\/li>\n<li><strong>Avistamiento de Ballenas:<\/strong> Marav\u00edllate con la majestuosidad de las ballenas grises y jorobadas durante su temporada de migraci\u00f3n en La Paz y Los Cabos.<\/li>\n<li><strong>Tours a Playas Emblem\u00e1ticas:<\/strong> Conoce las playas ic\u00f3nicas de La Paz como Balandra, Tecolote, El Saltito y Punta Arena, famosas por su belleza inigualable.<\/li>\n<li><strong>Pesca Deportiva:<\/strong> Pon a prueba tus habilidades y atrapa la pesca de tu vida en las abundantes aguas del Mar de Cort\u00e9s.<\/li>\n<\/ol>\n<p>Descubre Baja con Nautilus y crea recuerdos que durar\u00e1n toda la vida.<\/p>\n<\/div>\n<p><!--more--><br \/>\n<!-- {\"type\":\"layout\",\"children\":[{\"type\":\"section\",\"props\":{\"class\":\"bg-adjustment\",\"id\":\"mainsection-tourguides\",\"image_position\":\"center-center\",\"image_size\":\"cover\",\"preserve_color\":true,\"style\":\"default\",\"title_breakpoint\":\"xl\",\"title_position\":\"top-left\",\"title_rotation\":\"left\",\"vertical_align\":\"middle\",\"width\":\"default\"},\"children\":[{\"type\":\"row\",\"children\":[{\"type\":\"column\",\"props\":{\"image_position\":\"center-center\",\"position_sticky_breakpoint\":\"m\",\"width_medium\":\"1-2\"},\"children\":[{\"type\":\"headline\",\"props\":{\"class\":\"h1-sm\",\"content\":\"Gu\\u00edas Tur\\u00edsticos: Explora <span class=\\\"uk-text-tertiary\\\">Baja California Sur<\\\/span> como nunca antes\",\"title_color\":\"primary\",\"title_element\":\"h1\"}},{\"type\":\"text\",\"props\":{\"column_breakpoint\":\"m\",\"content\":\"Ad\\u00e9ntrate en la belleza de Baja California Sur con nuestros tours dise\\u00f1ados por expertos, guiados por profesionales certificados que garantizan una experiencia segura, informativa e inolvidable. Ya sea que busques lujo, aventura o la serenidad de la naturaleza, tenemos las mejores opciones para ti:\",\"id\":\"thingstodo-semblanza\",\"margin\":\"default\",\"text_color\":\"primary\",\"text_style\":\"lead\"}}]},{\"type\":\"column\",\"props\":{\"image_position\":\"center-center\",\"position_sticky_breakpoint\":\"m\",\"width_medium\":\"1-2\"}}],\"props\":{\"layout\":\"1-2,1-2\"}}]},{\"type\":\"section\",\"props\":{\"id\":\"section-semblanzatodotemp\",\"image_position\":\"center-center\",\"preserve_color\":true,\"style\":\"default\",\"title_breakpoint\":\"xl\",\"title_position\":\"top-left\",\"title_rotation\":\"left\",\"vertical_align\":\"middle\",\"width\":\"default\"},\"children\":[{\"type\":\"row\",\"children\":[{\"type\":\"column\",\"props\":{\"image_position\":\"center-center\",\"position_sticky_breakpoint\":\"m\"},\"children\":[{\"type\":\"text\",\"props\":{\"class\":\"uk-text-lead-sm\",\"column_breakpoint\":\"m\",\"content\":\"\n\n<ol>\\n\n\n<li><strong>Isla Esp\\u00edritu Santo:<\\\/strong> Navega con estilo en yates de lujo de 50 a m\\u00e1s de 100 pies, o elige tours grupales en embarcaciones certificadas para descubrir este sitio Patrimonio Mundial de la UNESCO.<\\\/li>\\n\n\n<li><strong>Nado con Tibur\\u00f3n Ballena:<\\\/strong> Vive la magia de nadar junto a los gigantes gentiles del mar durante su temporada en la Bah\\u00eda de La Paz, acompa\\u00f1ado por gu\\u00edas certificados.<\\\/li>\\n\n\n<li><strong>Avistamiento de Ballenas:<\\\/strong> Marav\\u00edllate con la majestuosidad de las ballenas grises y jorobadas durante su temporada de migraci\\u00f3n en La Paz y Los Cabos.<\\\/li>\\n\n\n<li><strong>Tours a Playas Emblem\\u00e1ticas:<\\\/strong> Conoce las playas ic\\u00f3nicas de La Paz como Balandra, Tecolote, El Saltito y Punta Arena, famosas por su belleza inigualable.<\\\/li>\\n\n\n<li><strong>Pesca Deportiva:<\\\/strong> Pon a prueba tus habilidades y atrapa la pesca de tu vida en las abundantes aguas del Mar de Cort\\u00e9s.<\\\/li>\\n<\\\/ol>\\n\n\n<p>Descubre Baja con Nautilus y crea recuerdos que durar\\u00e1n toda la vida.<\\\/p>\",\"margin\":\"default\",\"text_color\":\"secondary\",\"text_style\":\"lead\"}}]}]}]}],\"version\":\"4.4.16\"} --><\/p>\n","protected":false},"excerpt":{"rendered":"<p>Gu\u00edas Tur\u00edsticos: Explora Baja California Sur como nunca antes Ad\u00e9ntrate en la belleza de Baja California Sur con nuestros tours dise\u00f1ados por expertos, guiados por profesionales certificados que garantizan una experiencia segura, informativa e inolvidable. Ya sea que busques lujo, aventura o la serenidad de la naturaleza, tenemos las mejores opciones para ti: Isla Esp\u00edritu [&hellip;]<\/p>\n","protected":false},"author":2,"featured_media":0,"parent":0,"menu_order":0,"comment_status":"closed","ping_status":"closed","template":"","meta":{"_acf_changed":false,"footnotes":""},"class_list":["post-1126","page","type-page","status-publish","hentry"],"acf":[],"yoast_head":"<!-- This site is optimized with the Yoast SEO plugin v27.3 - https:\/\/yoast.com\/product\/yoast-seo-wordpress\/ -->\n<title>Gu\u00edas tur\u00edsticos | Nautilus Baja Properties<\/title>\n<meta name=\"robots\" content=\"index, follow, max-snippet:-1, max-image-preview:large, max-video-preview:-1\" \/>\n<link rel=\"canonical\" href=\"https:\/\/www.nautilusbajaproperties.com\/es\/guias-turisticos\/\" \/>\n<meta property=\"og:locale\" content=\"es_ES\" \/>\n<meta property=\"og:type\" content=\"article\" \/>\n<meta property=\"og:title\" content=\"Gu\u00edas tur\u00edsticos | Nautilus Baja Properties\" \/>\n<meta property=\"og:description\" content=\"Gu\u00edas Tur\u00edsticos: Explora Baja California Sur como nunca antes Ad\u00e9ntrate en la belleza de Baja California Sur con nuestros tours dise\u00f1ados por expertos, guiados por profesionales certificados que garantizan una experiencia segura, informativa e inolvidable. Ya sea que busques lujo, aventura o la serenidad de la naturaleza, tenemos las mejores opciones para ti: Isla Esp\u00edritu [&hellip;]\" \/>\n<meta property=\"og:url\" content=\"https:\/\/www.nautilusbajaproperties.com\/es\/guias-turisticos\/\" \/>\n<meta property=\"og:site_name\" content=\"Nautilus Baja Properties\" \/>\n<meta property=\"article:modified_time\" content=\"2025-02-10T22:00:06+00:00\" \/>\n<meta property=\"og:image\" content=\"https:\/\/www.nautilusbajaproperties.com\/wp-content\/uploads\/2024\/12\/asset03.png\" \/>\n\t<meta property=\"og:image:width\" content=\"710\" \/>\n\t<meta property=\"og:image:height\" content=\"465\" \/>\n\t<meta property=\"og:image:type\" content=\"image\/png\" \/>\n<meta name=\"twitter:card\" content=\"summary_large_image\" \/>\n<meta name=\"twitter:label1\" content=\"Tiempo de lectura\" \/>\n\t<meta name=\"twitter:data1\" content=\"1 minuto\" \/>\n<script type=\"application\/ld+json\" class=\"yoast-schema-graph\">{\"@context\":\"https:\\\/\\\/schema.org\",\"@graph\":[{\"@type\":\"WebPage\",\"@id\":\"https:\\\/\\\/www.nautilusbajaproperties.com\\\/es\\\/guias-turisticos\\\/\",\"url\":\"https:\\\/\\\/www.nautilusbajaproperties.com\\\/es\\\/guias-turisticos\\\/\",\"name\":\"Gu\u00edas tur\u00edsticos | Nautilus Baja Properties\",\"isPartOf\":{\"@id\":\"https:\\\/\\\/www.nautilusbajaproperties.com\\\/#website\"},\"datePublished\":\"2025-02-10T20:04:16+00:00\",\"dateModified\":\"2025-02-10T22:00:06+00:00\",\"breadcrumb\":{\"@id\":\"https:\\\/\\\/www.nautilusbajaproperties.com\\\/es\\\/guias-turisticos\\\/#breadcrumb\"},\"inLanguage\":\"es\",\"potentialAction\":[{\"@type\":\"ReadAction\",\"target\":[\"https:\\\/\\\/www.nautilusbajaproperties.com\\\/es\\\/guias-turisticos\\\/\"]}]},{\"@type\":\"BreadcrumbList\",\"@id\":\"https:\\\/\\\/www.nautilusbajaproperties.com\\\/es\\\/guias-turisticos\\\/#breadcrumb\",\"itemListElement\":[{\"@type\":\"ListItem\",\"position\":1,\"name\":\"Home\",\"item\":\"https:\\\/\\\/www.nautilusbajaproperties.com\\\/\"},{\"@type\":\"ListItem\",\"position\":2,\"name\":\"Gu\u00edas tur\u00edsticos\"}]},{\"@type\":\"WebSite\",\"@id\":\"https:\\\/\\\/www.nautilusbajaproperties.com\\\/#website\",\"url\":\"https:\\\/\\\/www.nautilusbajaproperties.com\\\/\",\"name\":\"Nautilus Baja Properties\",\"description\":\"Premium properties in Baja &amp; La Paz\",\"potentialAction\":[{\"@type\":\"SearchAction\",\"target\":{\"@type\":\"EntryPoint\",\"urlTemplate\":\"https:\\\/\\\/www.nautilusbajaproperties.com\\\/?s={search_term_string}\"},\"query-input\":{\"@type\":\"PropertyValueSpecification\",\"valueRequired\":true,\"valueName\":\"search_term_string\"}}],\"inLanguage\":\"es\"}]}<\/script>\n<!-- \/ Yoast SEO plugin. -->","yoast_head_json":{"title":"Gu\u00edas tur\u00edsticos | Nautilus Baja Properties","robots":{"index":"index","follow":"follow","max-snippet":"max-snippet:-1","max-image-preview":"max-image-preview:large","max-video-preview":"max-video-preview:-1"},"canonical":"https:\/\/www.nautilusbajaproperties.com\/es\/guias-turisticos\/","og_locale":"es_ES","og_type":"article","og_title":"Gu\u00edas tur\u00edsticos | Nautilus Baja Properties","og_description":"Gu\u00edas Tur\u00edsticos: Explora Baja California Sur como nunca antes Ad\u00e9ntrate en la belleza de Baja California Sur con nuestros tours dise\u00f1ados por expertos, guiados por profesionales certificados que garantizan una experiencia segura, informativa e inolvidable. Ya sea que busques lujo, aventura o la serenidad de la naturaleza, tenemos las mejores opciones para ti: Isla Esp\u00edritu [&hellip;]","og_url":"https:\/\/www.nautilusbajaproperties.com\/es\/guias-turisticos\/","og_site_name":"Nautilus Baja Properties","article_modified_time":"2025-02-10T22:00:06+00:00","og_image":[{"width":710,"height":465,"url":"https:\/\/www.nautilusbajaproperties.com\/wp-content\/uploads\/2024\/12\/asset03.png","type":"image\/png"}],"twitter_card":"summary_large_image","twitter_misc":{"Tiempo de lectura":"1 minuto"},"schema":{"@context":"https:\/\/schema.org","@graph":[{"@type":"WebPage","@id":"https:\/\/www.nautilusbajaproperties.com\/es\/guias-turisticos\/","url":"https:\/\/www.nautilusbajaproperties.com\/es\/guias-turisticos\/","name":"Gu\u00edas tur\u00edsticos | Nautilus Baja Properties","isPartOf":{"@id":"https:\/\/www.nautilusbajaproperties.com\/#website"},"datePublished":"2025-02-10T20:04:16+00:00","dateModified":"2025-02-10T22:00:06+00:00","breadcrumb":{"@id":"https:\/\/www.nautilusbajaproperties.com\/es\/guias-turisticos\/#breadcrumb"},"inLanguage":"es","potentialAction":[{"@type":"ReadAction","target":["https:\/\/www.nautilusbajaproperties.com\/es\/guias-turisticos\/"]}]},{"@type":"BreadcrumbList","@id":"https:\/\/www.nautilusbajaproperties.com\/es\/guias-turisticos\/#breadcrumb","itemListElement":[{"@type":"ListItem","position":1,"name":"Home","item":"https:\/\/www.nautilusbajaproperties.com\/"},{"@type":"ListItem","position":2,"name":"Gu\u00edas tur\u00edsticos"}]},{"@type":"WebSite","@id":"https:\/\/www.nautilusbajaproperties.com\/#website","url":"https:\/\/www.nautilusbajaproperties.com\/","name":"Nautilus Baja Properties","description":"Premium properties in Baja &amp; La Paz","potentialAction":[{"@type":"SearchAction","target":{"@type":"EntryPoint","urlTemplate":"https:\/\/www.nautilusbajaproperties.com\/?s={search_term_string}"},"query-input":{"@type":"PropertyValueSpecification","valueRequired":true,"valueName":"search_term_string"}}],"inLanguage":"es"}]}},"_links":{"self":[{"href":"https:\/\/www.nautilusbajaproperties.com\/es\/wp-json\/wp\/v2\/pages\/1126","targetHints":{"allow":["GET"]}}],"collection":[{"href":"https:\/\/www.nautilusbajaproperties.com\/es\/wp-json\/wp\/v2\/pages"}],"about":[{"href":"https:\/\/www.nautilusbajaproperties.com\/es\/wp-json\/wp\/v2\/types\/page"}],"author":[{"embeddable":true,"href":"https:\/\/www.nautilusbajaproperties.com\/es\/wp-json\/wp\/v2\/users\/2"}],"replies":[{"embeddable":true,"href":"https:\/\/www.nautilusbajaproperties.com\/es\/wp-json\/wp\/v2\/comments?post=1126"}],"version-history":[{"count":1,"href":"https:\/\/www.nautilusbajaproperties.com\/es\/wp-json\/wp\/v2\/pages\/1126\/revisions"}],"predecessor-version":[{"id":1129,"href":"https:\/\/www.nautilusbajaproperties.com\/es\/wp-json\/wp\/v2\/pages\/1126\/revisions\/1129"}],"wp:attachment":[{"href":"https:\/\/www.nautilusbajaproperties.com\/es\/wp-json\/wp\/v2\/media?parent=1126"}],"curies":[{"name":"wp","href":"https:\/\/api.w.org\/{rel}","templated":true}]}}